{"id":34,"date":"2026-03-15T13:31:38","date_gmt":"2026-03-15T13:31:38","guid":{"rendered":"https:\/\/maibachconsulting.com\/?page_id=34"},"modified":"2026-03-17T11:40:53","modified_gmt":"2026-03-17T11:40:53","slug":"leadership-coaching","status":"publish","type":"page","link":"https:\/\/maibachconsulting.com\/","title":{"rendered":"Leadership Coaching"},"content":{"rendered":"\t\t<div data-elementor-type=\"wp-page\" data-elementor-id=\"34\" class=\"elementor elementor-34\">\n\t\t\t\t<div class=\"elementor-element elementor-element-ba80e7f e-flex e-con-boxed e-con e-parent\" data-id=\"ba80e7f\" data-element_type=\"container\" data-e-type=\"container\">\n\t\t\t\t\t<div class=\"e-con-inner\">\n\t\t\t\t<div class=\"elementor-element elementor-element-1b52f43 elementor-widget elementor-widget-text-editor\" data-id=\"1b52f43\" data-element_type=\"widget\" data-e-type=\"widget\" data-widget_type=\"text-editor.default\">\n\t\t\t\t\t\t\t\t\t<p>MAIBACH CONSULTING<\/p>\t\t\t\t\t\t\t\t<\/div>\n\t\t\t\t\t<\/div>\n\t\t\t\t<\/div>\n\t\t<div class=\"elementor-element elementor-element-9defbf5 e-flex e-con-boxed e-con e-parent\" data-id=\"9defbf5\" data-element_type=\"container\" data-e-type=\"container\">\n\t\t\t\t\t<div class=\"e-con-inner\">\n\t\t\t\t<div class=\"elementor-element elementor-element-0ee646d elementor-widget elementor-widget-heading\" data-id=\"0ee646d\" data-element_type=\"widget\" data-e-type=\"widget\" data-widget_type=\"heading.default\">\n\t\t\t\t\t<h2 class=\"elementor-heading-title elementor-size-default\">Leadership <br>\nfrom Within\n<\/h2>\t\t\t\t<\/div>\n\t\t\t\t\t<\/div>\n\t\t\t\t<\/div>\n\t\t<div class=\"elementor-element elementor-element-9a738d9 e-flex e-con-boxed e-con e-parent\" data-id=\"9a738d9\" data-element_type=\"container\" data-e-type=\"container\">\n\t\t\t\t\t<div class=\"e-con-inner\">\n\t\t\t\t<div class=\"elementor-element elementor-element-4920e61 elementor-widget elementor-widget-text-editor\" data-id=\"4920e61\" data-element_type=\"widget\" data-e-type=\"widget\" data-widget_type=\"text-editor.default\">\n\t\t\t\t\t\t\t\t\t<p><span class=\"BZ_Pyq_fadeIn\">Executive &amp; Leadership <\/span><span class=\"BZ_Pyq_fadeIn\">Coaching <\/span><span class=\"BZ_Pyq_fadeIn\">f\u00fcr <\/span><span class=\"BZ_Pyq_fadeIn\">F\u00fchrungskr\u00e4fte,<\/span><br data-start=\"1335\" data-end=\"1338\" \/><span class=\"BZ_Pyq_fadeIn\">die <\/span><span class=\"BZ_Pyq_fadeIn\">Klarheit, <\/span><span class=\"BZ_Pyq_fadeIn\">innere <\/span><span class=\"BZ_Pyq_fadeIn\">Stabilit\u00e4t <\/span><span class=\"BZ_Pyq_fadeIn\">und <\/span><span class=\"BZ_Pyq_fadeIn\">authentische <\/span><span class=\"BZ_Pyq_fadeIn\">Pr\u00e4senz <\/span><span class=\"BZ_Pyq_fadeIn\">entwickeln <\/span><span class=\"BZ_Pyq_fadeIn\">m\u00f6chten.<\/span><\/p>\t\t\t\t\t\t\t\t<\/div>\n\t\t\t\t\t<\/div>\n\t\t\t\t<\/div>\n\t\t<div class=\"elementor-element elementor-element-a16025a e-flex e-con-boxed e-con e-parent\" data-id=\"a16025a\" data-element_type=\"container\" data-e-type=\"container\">\n\t\t\t\t\t<div class=\"e-con-inner\">\n\t\t\t\t<div class=\"elementor-element elementor-element-a53fc4f elementor-widget elementor-widget-text-editor\" data-id=\"a53fc4f\" data-element_type=\"widget\" data-e-type=\"widget\" data-widget_type=\"text-editor.default\">\n\t\t\t\t\t\t\t\t\t<p>begleitet von Claudia Maibach<\/p>\t\t\t\t\t\t\t\t<\/div>\n\t\t\t\t\t<\/div>\n\t\t\t\t<\/div>\n\t\t<div class=\"elementor-element elementor-element-d89c1d7 e-flex e-con-boxed e-con e-parent\" data-id=\"d89c1d7\" data-element_type=\"container\" data-e-type=\"container\">\n\t\t\t\t\t<div class=\"e-con-inner\">\n\t\t<div class=\"elementor-element elementor-element-27789d1 e-con-full e-flex e-con e-child\" data-id=\"27789d1\" data-element_type=\"container\" data-e-type=\"container\">\n\t\t\t\t<div class=\"elementor-element elementor-element-0424bda elementor-widget elementor-widget-text-editor\" data-id=\"0424bda\" data-element_type=\"widget\" data-e-type=\"widget\" data-widget_type=\"text-editor.default\">\n\t\t\t\t\t\t\t\t\t<p>holistic approach<\/p>\t\t\t\t\t\t\t\t<\/div>\n\t\t\t\t<div class=\"elementor-element elementor-element-e39bd3b elementor-widget elementor-widget-heading\" data-id=\"e39bd3b\" data-element_type=\"widget\" data-e-type=\"widget\" data-widget_type=\"heading.default\">\n\t\t\t\t\t<h2 class=\"elementor-heading-title elementor-size-default\">Leadership from Within - F\u00fchrung von innen heraus<\/h2>\t\t\t\t<\/div>\n\t\t\t\t<div class=\"elementor-element elementor-element-53ef3bf elementor-widget elementor-widget-text-editor\" data-id=\"53ef3bf\" data-element_type=\"widget\" data-e-type=\"widget\" data-widget_type=\"text-editor.default\">\n\t\t\t\t\t\t\t\t\t<p data-start=\"1722\" data-end=\"1869\"><span class=\"BZ_Pyq_fadeIn\">Ich <\/span><span class=\"BZ_Pyq_fadeIn\">begleite <\/span><span class=\"BZ_Pyq_fadeIn\">F\u00fchrungspers\u00f6nlichkeiten, <\/span><span class=\"BZ_Pyq_fadeIn\">die <\/span><span class=\"BZ_Pyq_fadeIn\">Verantwortung <\/span><span class=\"BZ_Pyq_fadeIn\">tragen <\/span><span class=\"BZ_Pyq_fadeIn\">und <\/span><span class=\"BZ_Pyq_fadeIn\">lernen <\/span><span class=\"BZ_Pyq_fadeIn\">m\u00f6chten, <\/span><span class=\"BZ_Pyq_fadeIn\">aus <\/span><span class=\"BZ_Pyq_fadeIn\">innerer <\/span><span class=\"BZ_Pyq_fadeIn\">Stabilit\u00e4t <\/span><span class=\"BZ_Pyq_fadeIn\">statt <\/span><span class=\"BZ_Pyq_fadeIn\">aus <\/span><span class=\"BZ_Pyq_fadeIn\">permanentem <\/span><span class=\"BZ_Pyq_fadeIn\">Druck <\/span><span class=\"BZ_Pyq_fadeIn\">zu <\/span><span class=\"BZ_Pyq_fadeIn\">f\u00fchren.<\/span><\/p><p data-start=\"1876\" data-end=\"2110\"><span class=\"BZ_Pyq_fadeIn\">Mein <\/span><span class=\"BZ_Pyq_fadeIn\">Coaching <\/span><span class=\"BZ_Pyq_fadeIn\">verbindet <\/span><span class=\"BZ_Pyq_fadeIn\">strategische <\/span><span class=\"BZ_Pyq_fadeIn\">F\u00fchrungskompetenz <\/span><span class=\"BZ_Pyq_fadeIn\">mit <\/span><span class=\"BZ_Pyq_fadeIn\">Selbstregulation, <\/span><span class=\"BZ_Pyq_fadeIn\">Embodiment <\/span><span class=\"BZ_Pyq_fadeIn\">und <\/span><span class=\"BZ_Pyq_fadeIn\">innerer <\/span><span class=\"BZ_Pyq_fadeIn\">Stabilit\u00e4t. <\/span><span class=\"BZ_Pyq_fadeIn\">Es <\/span><span class=\"BZ_Pyq_fadeIn\">f\u00f6rdert <\/span><span class=\"BZ_Pyq_fadeIn\">Klarheit, <\/span><span class=\"BZ_Pyq_fadeIn\">Resilienz <\/span><span class=\"BZ_Pyq_fadeIn\">und <\/span><span class=\"BZ_Pyq_fadeIn\">bewusste <\/span><span class=\"BZ_Pyq_fadeIn\">Pr\u00e4senz <\/span><span class=\"BZ_Pyq_fadeIn\">und <\/span><span class=\"BZ_Pyq_fadeIn\">schafft <\/span><span class=\"BZ_Pyq_fadeIn\">damit <\/span><span class=\"BZ_Pyq_fadeIn\">eine <\/span><span class=\"BZ_Pyq_fadeIn\">Form <\/span><span class=\"BZ_Pyq_fadeIn\">von <\/span><span class=\"BZ_Pyq_fadeIn\">F\u00fchrung, <\/span><span class=\"BZ_Pyq_fadeIn\">die <\/span><span class=\"BZ_Pyq_fadeIn\">von <\/span><span class=\"BZ_Pyq_fadeIn\">innen <\/span><span class=\"BZ_Pyq_fadeIn\">heraus <\/span><span class=\"BZ_Pyq_fadeIn\">tr\u00e4gt.<\/span><\/p>\t\t\t\t\t\t\t\t<\/div>\n\t\t\t\t<\/div>\n\t\t<div class=\"elementor-element elementor-element-bac5d2d e-con-full e-flex e-con e-child\" data-id=\"bac5d2d\" data-element_type=\"container\" data-e-type=\"container\">\n\t\t\t\t<div class=\"elementor-element elementor-element-dfd839f elementor-widget__width-inherit elementor-widget elementor-widget-image\" data-id=\"dfd839f\" data-element_type=\"widget\" data-e-type=\"widget\" data-widget_type=\"image.default\">\n\t\t\t\t\t\t\t\t\t\t\t\t\t\t\t<img fetchpriority=\"high\" decoding=\"async\" width=\"769\" height=\"1024\" src=\"https:\/\/maibachconsulting.com\/wp-content\/uploads\/2026\/03\/Claudia-Paris-Cafe-769x1024.jpg\" class=\"attachment-large size-large wp-image-43\" alt=\"\" srcset=\"https:\/\/maibachconsulting.com\/wp-content\/uploads\/2026\/03\/Claudia-Paris-Cafe-769x1024.jpg 769w, https:\/\/maibachconsulting.com\/wp-content\/uploads\/2026\/03\/Claudia-Paris-Cafe-225x300.jpg 225w, https:\/\/maibachconsulting.com\/wp-content\/uploads\/2026\/03\/Claudia-Paris-Cafe-768x1023.jpg 768w, https:\/\/maibachconsulting.com\/wp-content\/uploads\/2026\/03\/Claudia-Paris-Cafe-1153x1536.jpg 1153w, https:\/\/maibachconsulting.com\/wp-content\/uploads\/2026\/03\/Claudia-Paris-Cafe-1537x2048.jpg 1537w, https:\/\/maibachconsulting.com\/wp-content\/uploads\/2026\/03\/Claudia-Paris-Cafe-scaled.jpg 1922w\" sizes=\"(max-width: 769px) 100vw, 769px\" \/>\t\t\t\t\t\t\t\t\t\t\t\t\t\t\t<\/div>\n\t\t\t\t<\/div>\n\t\t\t\t\t<\/div>\n\t\t\t\t<\/div>\n\t\t<div class=\"elementor-element elementor-element-dbd3945 e-flex e-con-boxed e-con e-parent\" data-id=\"dbd3945\" data-element_type=\"container\" data-e-type=\"container\">\n\t\t\t\t\t<div class=\"e-con-inner\">\n\t\t\t\t<div class=\"elementor-element elementor-element-b9f693b elementor-widget__width-initial elementor-widget elementor-widget-image\" data-id=\"b9f693b\" data-element_type=\"widget\" data-e-type=\"widget\" data-widget_type=\"image.default\">\n\t\t\t\t\t\t\t\t\t\t\t\t\t\t\t<img decoding=\"async\" src=\"https:\/\/maibachconsulting.com\/wp-content\/uploads\/elementor\/thumbs\/MarieStadsbader_Temple_7_\u00a9AliceMesguich-scaled-rkjsrsyi717opt5160el343ixj19t8sjxf2mpyp79s.webp\" title=\"MarieStadsbader_Temple_7_\u00a9AliceMesguich\" alt=\"MarieStadsbader_Temple_7_\u00a9AliceMesguich\" loading=\"lazy\" \/>\t\t\t\t\t\t\t\t\t\t\t\t\t\t\t<\/div>\n\t\t\t\t<div class=\"elementor-element elementor-element-72291b3 elementor-widget__width-initial elementor-widget elementor-widget-image\" data-id=\"72291b3\" data-element_type=\"widget\" data-e-type=\"widget\" data-widget_type=\"image.default\">\n\t\t\t\t\t\t\t\t\t\t\t\t\t\t\t<img decoding=\"async\" src=\"https:\/\/maibachconsulting.com\/wp-content\/uploads\/elementor\/thumbs\/D2A982F5-B54C-4D07-A60D-C0F881E8849D-rkjs29ocj299b68c9z1gck2pyowap9f2f11rdck8b4.jpg\" title=\"D2A982F5-B54C-4D07-A60D-C0F881E8849D\" alt=\"D2A982F5-B54C-4D07-A60D-C0F881E8849D\" loading=\"lazy\" \/>\t\t\t\t\t\t\t\t\t\t\t\t\t\t\t<\/div>\n\t\t\t\t<div class=\"elementor-element elementor-element-2da9954 elementor-widget__width-initial elementor-widget elementor-widget-image\" data-id=\"2da9954\" data-element_type=\"widget\" data-e-type=\"widget\" data-widget_type=\"image.default\">\n\t\t\t\t\t\t\t\t\t\t\t\t\t\t\t<img decoding=\"async\" src=\"https:\/\/maibachconsulting.com\/wp-content\/uploads\/elementor\/thumbs\/dariana-KfFz5U2IDRU-unsplash-scaled-rkjs2i4w8kku7nw1wkp3gzxvb5qlmjcng6x4ou7or4.jpg\" title=\"dariana-KfFz5U2IDRU-unsplash\" alt=\"dariana-KfFz5U2IDRU-unsplash\" loading=\"lazy\" \/>\t\t\t\t\t\t\t\t\t\t\t\t\t\t\t<\/div>\n\t\t\t\t\t<\/div>\n\t\t\t\t<\/div>\n\t\t<div class=\"elementor-element elementor-element-0a3b996 e-flex e-con-boxed e-con e-parent\" data-id=\"0a3b996\" data-element_type=\"container\" data-e-type=\"container\">\n\t\t\t\t\t<div class=\"e-con-inner\">\n\t\t<div class=\"elementor-element elementor-element-09d66ad e-con-full e-flex e-con e-child\" data-id=\"09d66ad\" data-element_type=\"container\" data-e-type=\"container\">\n\t\t\t\t<div class=\"elementor-element elementor-element-6bc6dec elementor-widget elementor-widget-heading\" data-id=\"6bc6dec\" data-element_type=\"widget\" data-e-type=\"widget\" data-widget_type=\"heading.default\">\n\t\t\t\t\t<h2 class=\"elementor-heading-title elementor-size-default\">Leadership Clarity<\/h2>\t\t\t\t<\/div>\n\t\t\t\t<div class=\"elementor-element elementor-element-9ade94c elementor-widget elementor-widget-text-editor\" data-id=\"9ade94c\" data-element_type=\"widget\" data-e-type=\"widget\" data-widget_type=\"text-editor.default\">\n\t\t\t\t\t\t\t\t\t<p class=\"p1\">Klarheit \u00fcber Rolle, Verantwortung und Wirkung als F\u00fchrungsperson. Strategische Entscheidungen treffen, ohne sich selbst aus dem Blick zu verlieren.<\/p>\t\t\t\t\t\t\t\t<\/div>\n\t\t\t\t<\/div>\n\t\t<div class=\"elementor-element elementor-element-f6a1821 e-con-full e-flex e-con e-child\" data-id=\"f6a1821\" data-element_type=\"container\" data-e-type=\"container\">\n\t\t\t\t<div class=\"elementor-element elementor-element-1aaec9b elementor-widget elementor-widget-heading\" data-id=\"1aaec9b\" data-element_type=\"widget\" data-e-type=\"widget\" data-widget_type=\"heading.default\">\n\t\t\t\t\t<h2 class=\"elementor-heading-title elementor-size-default\">Resilienz &amp; Regulation<\/h2>\t\t\t\t<\/div>\n\t\t\t\t<div class=\"elementor-element elementor-element-22c5557 elementor-widget elementor-widget-text-editor\" data-id=\"22c5557\" data-element_type=\"widget\" data-e-type=\"widget\" data-widget_type=\"text-editor.default\">\n\t\t\t\t\t\t\t\t\t<p class=\"p1\">Mit Druck, Komplexit\u00e4t und Konflikten umgehen, ohne innerlich auszubrennen. Ein reguliertes Nervensystem schafft Stabilit\u00e4t, Pr\u00e4senz und bessere F\u00fchrung.<\/p>\t\t\t\t\t\t\t\t<\/div>\n\t\t\t\t<\/div>\n\t\t<div class=\"elementor-element elementor-element-b5333d0 e-con-full e-flex e-con e-child\" data-id=\"b5333d0\" data-element_type=\"container\" data-e-type=\"container\">\n\t\t\t\t<div class=\"elementor-element elementor-element-dd01961 elementor-widget elementor-widget-heading\" data-id=\"dd01961\" data-element_type=\"widget\" data-e-type=\"widget\" data-widget_type=\"heading.default\">\n\t\t\t\t\t<h2 class=\"elementor-heading-title elementor-size-default\">Inner Alignment<\/h2>\t\t\t\t<\/div>\n\t\t\t\t<div class=\"elementor-element elementor-element-b126713 elementor-widget elementor-widget-text-editor\" data-id=\"b126713\" data-element_type=\"widget\" data-e-type=\"widget\" data-widget_type=\"text-editor.default\">\n\t\t\t\t\t\t\t\t\t<p class=\"p1\">F\u00fchren aus innerer Klarheit statt aus Anpassung. Werte, Haltung und Entscheidungen wieder in Einklang bringen.<\/p>\t\t\t\t\t\t\t\t<\/div>\n\t\t\t\t<\/div>\n\t\t\t\t\t<\/div>\n\t\t\t\t<\/div>\n\t\t<div class=\"elementor-element elementor-element-474b3c3 e-flex e-con-boxed e-con e-parent\" data-id=\"474b3c3\" data-element_type=\"container\" data-e-type=\"container\">\n\t\t\t\t\t<div class=\"e-con-inner\">\n\t\t\t\t<div class=\"elementor-element elementor-element-6dedeae elementor-widget-mobile__width-inherit elementor-widget elementor-widget-heading\" data-id=\"6dedeae\" data-element_type=\"widget\" data-e-type=\"widget\" data-widget_type=\"heading.default\">\n\t\t\t\t\t<h2 class=\"elementor-heading-title elementor-size-default\">Let's talk<\/h2>\t\t\t\t<\/div>\n\t\t\t\t\t<\/div>\n\t\t\t\t<\/div>\n\t\t<div class=\"elementor-element elementor-element-c79f415 e-con-full e-flex e-con e-parent\" data-id=\"c79f415\" data-element_type=\"container\" data-e-type=\"container\">\n\t\t\t\t<div class=\"elementor-element elementor-element-09fb9e9 elementor-widget elementor-widget-text-editor\" data-id=\"09fb9e9\" data-element_type=\"widget\" data-e-type=\"widget\" data-widget_type=\"text-editor.default\">\n\t\t\t\t\t\t\t\t\t<blockquote><p class=\"my-2 [&amp;+p]:mt-4 [&amp;_strong:has(+br)]:inline-block [&amp;_strong:has(+br)]:pb-2\"><span class=\"BZ_Pyq_fadeIn\">Wenn <\/span><span class=\"BZ_Pyq_fadeIn\">Sie <\/span><span class=\"BZ_Pyq_fadeIn\">sp\u00fcren, <\/span><span class=\"BZ_Pyq_fadeIn\">dass <\/span><span class=\"BZ_Pyq_fadeIn\">Sie <\/span><span class=\"BZ_Pyq_fadeIn\">Ihre <\/span><span class=\"BZ_Pyq_fadeIn\">F\u00fchrung <\/span><span class=\"BZ_Pyq_fadeIn\">klarer, <\/span><span class=\"BZ_Pyq_fadeIn\">stabiler <\/span><span class=\"BZ_Pyq_fadeIn\">und <\/span><span class=\"BZ_Pyq_fadeIn\">authentischer <\/span><span class=\"BZ_Pyq_fadeIn\">gestalten <\/span><span class=\"BZ_Pyq_fadeIn\">m\u00f6chten, <\/span><span class=\"BZ_Pyq_fadeIn\">lade <\/span><span class=\"BZ_Pyq_fadeIn\">ich <\/span><span class=\"BZ_Pyq_fadeIn\">Sie <\/span><span class=\"BZ_Pyq_fadeIn\">gerne <\/span><span class=\"BZ_Pyq_fadeIn\">zu <\/span><span class=\"BZ_Pyq_fadeIn\">einem <\/span><span class=\"BZ_Pyq_fadeIn\">unverbindlichen <\/span><span class=\"BZ_Pyq_fadeIn\">Erstgespr\u00e4ch <\/span><span class=\"BZ_Pyq_fadeIn\">ein.<\/span><\/p><\/blockquote>\t\t\t\t\t\t\t\t<\/div>\n\t\t\t\t<\/div>\n\t\t<div class=\"elementor-element elementor-element-7532522 e-con-full e-flex e-con e-parent\" data-id=\"7532522\" data-element_type=\"container\" data-e-type=\"container\">\n\t\t<div class=\"elementor-element elementor-element-f3b0ac8 e-con-full e-flex e-con e-child\" data-id=\"f3b0ac8\" data-element_type=\"container\" data-e-type=\"container\">\n\t\t\t\t<div class=\"elementor-element elementor-element-b0772cf elementor-align-center elementor-mobile-align-center elementor-widget-mobile__width-auto elementor-widget elementor-widget-button\" data-id=\"b0772cf\" data-element_type=\"widget\" data-e-type=\"widget\" data-widget_type=\"button.default\">\n\t\t\t\t\t\t\t\t\t\t<a class=\"elementor-button elementor-button-link elementor-size-sm\" href=\"mailto:claudia@maibachconsulting.com?subject=Anfrage%20Erstgespr\u00e4ch&#038;body=Guten%20Tag%20Claudia,%20ich%20interessiere%20mich%20f\u00fcr%20ein%20Coaching.\">\n\t\t\t\t\t\t<span class=\"elementor-button-content-wrapper\">\n\t\t\t\t\t\t\t\t\t<span class=\"elementor-button-text\">Erstgespr\u00e4ch anfragen<\/span>\n\t\t\t\t\t<\/span>\n\t\t\t\t\t<\/a>\n\t\t\t\t\t\t\t\t<\/div>\n\t\t\t\t<\/div>\n\t\t\t\t<\/div>\n\t\t<div class=\"elementor-element elementor-element-cea69f0 e-flex e-con-boxed e-con e-parent\" data-id=\"cea69f0\" data-element_type=\"container\" data-e-type=\"container\" data-settings=\"{&quot;background_background&quot;:&quot;classic&quot;}\">\n\t\t\t\t\t<div class=\"e-con-inner\">\n\t\t\t\t<div class=\"elementor-element elementor-element-79f6baa elementor-widget elementor-widget-heading\" data-id=\"79f6baa\" data-element_type=\"widget\" data-e-type=\"widget\" data-widget_type=\"heading.default\">\n\t\t\t\t\t<h2 class=\"elementor-heading-title elementor-size-default\">Maibach Consulting<\/h2>\t\t\t\t<\/div>\n\t\t\t\t<div class=\"elementor-element elementor-element-6be10aa elementor-widget__width-inherit elementor-widget elementor-widget-text-editor\" data-id=\"6be10aa\" data-element_type=\"widget\" data-e-type=\"widget\" data-widget_type=\"text-editor.default\">\n\t\t\t\t\t\t\t\t\t<p>Executive &amp; Leadership Coaching<br \/><a href=\"mailto:info@maibachconsulting.com\" target=\"_blank\" rel=\"noopener\">info@maibachconsulting.com<\/a><br \/>\u00a9 2026 Maibach Consulting<\/p>\t\t\t\t\t\t\t\t<\/div>\n\t\t\t\t\t<\/div>\n\t\t\t\t<\/div>\n\t\t\t\t<\/div>\n\t\t","protected":false},"excerpt":{"rendered":"<p>MAIBACH CONSULTING Leadership from Within Executive &amp; Leadership Coaching f\u00fcr F\u00fchrungskr\u00e4fte,die Klarheit, innere Stabilit\u00e4t und authentische Pr\u00e4senz entwickeln m\u00f6chten. begleitet von Claudia Maibach holistic approach Leadership from Within &#8211; F\u00fchrung von innen heraus Ich begleite F\u00fchrungspers\u00f6nlichkeiten, die Verantwortung tragen und lernen m\u00f6chten, aus innerer Stabilit\u00e4t statt aus permanentem Druck zu f\u00fchren. Mein Coaching verbindet strategische [&hellip;]<\/p>\n","protected":false},"author":1,"featured_media":0,"parent":0,"menu_order":0,"comment_status":"closed","ping_status":"closed","template":"elementor_canvas","meta":{"footnotes":""},"class_list":["post-34","page","type-page","status-publish","hentry"],"yoast_head":"<!-- This site is optimized with the Yoast SEO plugin v27.4 - https:\/\/yoast.com\/product\/yoast-seo-wordpress\/ -->\n<title>Leadership Coaching - Executive &amp; Leadership Coaching<\/title>\n<meta name=\"robots\" content=\"index, follow, max-snippet:-1, max-image-preview:large, max-video-preview:-1\" \/>\n<link rel=\"canonical\" href=\"https:\/\/maibachconsulting.com\/\" \/>\n<meta property=\"og:locale\" content=\"en_US\" \/>\n<meta property=\"og:type\" content=\"article\" \/>\n<meta property=\"og:title\" content=\"Leadership Coaching - Executive &amp; Leadership Coaching\" \/>\n<meta property=\"og:description\" content=\"MAIBACH CONSULTING Leadership from Within Executive &amp; Leadership Coaching f\u00fcr F\u00fchrungskr\u00e4fte,die Klarheit, innere Stabilit\u00e4t und authentische Pr\u00e4senz entwickeln m\u00f6chten. begleitet von Claudia Maibach holistic approach Leadership from Within &#8211; F\u00fchrung von innen heraus Ich begleite F\u00fchrungspers\u00f6nlichkeiten, die Verantwortung tragen und lernen m\u00f6chten, aus innerer Stabilit\u00e4t statt aus permanentem Druck zu f\u00fchren. Mein Coaching verbindet strategische [&hellip;]\" \/>\n<meta property=\"og:url\" content=\"https:\/\/maibachconsulting.com\/\" \/>\n<meta property=\"og:site_name\" content=\"Executive &amp; Leadership Coaching\" \/>\n<meta property=\"article:modified_time\" content=\"2026-03-17T11:40:53+00:00\" \/>\n<meta property=\"og:image\" content=\"https:\/\/maibachconsulting.com\/wp-content\/uploads\/2026\/03\/Claudia-Paris-Cafe-scaled.jpg\" \/>\n\t<meta property=\"og:image:width\" content=\"1922\" \/>\n\t<meta property=\"og:image:height\" content=\"2560\" \/>\n\t<meta property=\"og:image:type\" content=\"image\/jpeg\" \/>\n<meta name=\"twitter:card\" content=\"summary_large_image\" \/>\n<meta name=\"twitter:label1\" content=\"Est. reading time\" \/>\n\t<meta name=\"twitter:data1\" content=\"1 minute\" \/>\n<script type=\"application\/ld+json\" class=\"yoast-schema-graph\">{\"@context\":\"https:\\\/\\\/schema.org\",\"@graph\":[{\"@type\":\"WebPage\",\"@id\":\"https:\\\/\\\/maibachconsulting.com\\\/\",\"url\":\"https:\\\/\\\/maibachconsulting.com\\\/\",\"name\":\"Leadership Coaching - Executive &amp; Leadership Coaching\",\"isPartOf\":{\"@id\":\"https:\\\/\\\/maibachconsulting.com\\\/#website\"},\"primaryImageOfPage\":{\"@id\":\"https:\\\/\\\/maibachconsulting.com\\\/#primaryimage\"},\"image\":{\"@id\":\"https:\\\/\\\/maibachconsulting.com\\\/#primaryimage\"},\"thumbnailUrl\":\"https:\\\/\\\/maibachconsulting.com\\\/wp-content\\\/uploads\\\/2026\\\/03\\\/Claudia-Paris-Cafe-769x1024.jpg\",\"datePublished\":\"2026-03-15T13:31:38+00:00\",\"dateModified\":\"2026-03-17T11:40:53+00:00\",\"breadcrumb\":{\"@id\":\"https:\\\/\\\/maibachconsulting.com\\\/#breadcrumb\"},\"inLanguage\":\"en-US\",\"potentialAction\":[{\"@type\":\"ReadAction\",\"target\":[\"https:\\\/\\\/maibachconsulting.com\\\/\"]}]},{\"@type\":\"ImageObject\",\"inLanguage\":\"en-US\",\"@id\":\"https:\\\/\\\/maibachconsulting.com\\\/#primaryimage\",\"url\":\"https:\\\/\\\/maibachconsulting.com\\\/wp-content\\\/uploads\\\/2026\\\/03\\\/Claudia-Paris-Cafe-scaled.jpg\",\"contentUrl\":\"https:\\\/\\\/maibachconsulting.com\\\/wp-content\\\/uploads\\\/2026\\\/03\\\/Claudia-Paris-Cafe-scaled.jpg\",\"width\":1922,\"height\":2560},{\"@type\":\"BreadcrumbList\",\"@id\":\"https:\\\/\\\/maibachconsulting.com\\\/#breadcrumb\",\"itemListElement\":[{\"@type\":\"ListItem\",\"position\":1,\"name\":\"Home\",\"item\":\"https:\\\/\\\/maibachconsulting.com\\\/\"},{\"@type\":\"ListItem\",\"position\":2,\"name\":\"Leadership Coaching\"}]},{\"@type\":\"WebSite\",\"@id\":\"https:\\\/\\\/maibachconsulting.com\\\/#website\",\"url\":\"https:\\\/\\\/maibachconsulting.com\\\/\",\"name\":\"Executive & Leadership Coaching\",\"description\":\"Leadership from Within\",\"alternateName\":\"Holistic Coaching\",\"potentialAction\":[{\"@type\":\"SearchAction\",\"target\":{\"@type\":\"EntryPoint\",\"urlTemplate\":\"https:\\\/\\\/maibachconsulting.com\\\/?s={search_term_string}\"},\"query-input\":{\"@type\":\"PropertyValueSpecification\",\"valueRequired\":true,\"valueName\":\"search_term_string\"}}],\"inLanguage\":\"en-US\"}]}<\/script>\n<!-- \/ Yoast SEO plugin. -->","yoast_head_json":{"title":"Leadership Coaching - Executive &amp; Leadership Coaching","robots":{"index":"index","follow":"follow","max-snippet":"max-snippet:-1","max-image-preview":"max-image-preview:large","max-video-preview":"max-video-preview:-1"},"canonical":"https:\/\/maibachconsulting.com\/","og_locale":"en_US","og_type":"article","og_title":"Leadership Coaching - Executive &amp; Leadership Coaching","og_description":"MAIBACH CONSULTING Leadership from Within Executive &amp; Leadership Coaching f\u00fcr F\u00fchrungskr\u00e4fte,die Klarheit, innere Stabilit\u00e4t und authentische Pr\u00e4senz entwickeln m\u00f6chten. begleitet von Claudia Maibach holistic approach Leadership from Within &#8211; F\u00fchrung von innen heraus Ich begleite F\u00fchrungspers\u00f6nlichkeiten, die Verantwortung tragen und lernen m\u00f6chten, aus innerer Stabilit\u00e4t statt aus permanentem Druck zu f\u00fchren. Mein Coaching verbindet strategische [&hellip;]","og_url":"https:\/\/maibachconsulting.com\/","og_site_name":"Executive &amp; Leadership Coaching","article_modified_time":"2026-03-17T11:40:53+00:00","og_image":[{"width":1922,"height":2560,"url":"https:\/\/maibachconsulting.com\/wp-content\/uploads\/2026\/03\/Claudia-Paris-Cafe-scaled.jpg","type":"image\/jpeg"}],"twitter_card":"summary_large_image","twitter_misc":{"Est. reading time":"1 minute"},"schema":{"@context":"https:\/\/schema.org","@graph":[{"@type":"WebPage","@id":"https:\/\/maibachconsulting.com\/","url":"https:\/\/maibachconsulting.com\/","name":"Leadership Coaching - Executive &amp; Leadership Coaching","isPartOf":{"@id":"https:\/\/maibachconsulting.com\/#website"},"primaryImageOfPage":{"@id":"https:\/\/maibachconsulting.com\/#primaryimage"},"image":{"@id":"https:\/\/maibachconsulting.com\/#primaryimage"},"thumbnailUrl":"https:\/\/maibachconsulting.com\/wp-content\/uploads\/2026\/03\/Claudia-Paris-Cafe-769x1024.jpg","datePublished":"2026-03-15T13:31:38+00:00","dateModified":"2026-03-17T11:40:53+00:00","breadcrumb":{"@id":"https:\/\/maibachconsulting.com\/#breadcrumb"},"inLanguage":"en-US","potentialAction":[{"@type":"ReadAction","target":["https:\/\/maibachconsulting.com\/"]}]},{"@type":"ImageObject","inLanguage":"en-US","@id":"https:\/\/maibachconsulting.com\/#primaryimage","url":"https:\/\/maibachconsulting.com\/wp-content\/uploads\/2026\/03\/Claudia-Paris-Cafe-scaled.jpg","contentUrl":"https:\/\/maibachconsulting.com\/wp-content\/uploads\/2026\/03\/Claudia-Paris-Cafe-scaled.jpg","width":1922,"height":2560},{"@type":"BreadcrumbList","@id":"https:\/\/maibachconsulting.com\/#breadcrumb","itemListElement":[{"@type":"ListItem","position":1,"name":"Home","item":"https:\/\/maibachconsulting.com\/"},{"@type":"ListItem","position":2,"name":"Leadership Coaching"}]},{"@type":"WebSite","@id":"https:\/\/maibachconsulting.com\/#website","url":"https:\/\/maibachconsulting.com\/","name":"Executive & Leadership Coaching","description":"Leadership from Within","alternateName":"Holistic Coaching","potentialAction":[{"@type":"SearchAction","target":{"@type":"EntryPoint","urlTemplate":"https:\/\/maibachconsulting.com\/?s={search_term_string}"},"query-input":{"@type":"PropertyValueSpecification","valueRequired":true,"valueName":"search_term_string"}}],"inLanguage":"en-US"}]}},"_links":{"self":[{"href":"https:\/\/maibachconsulting.com\/index.php?rest_route=\/wp\/v2\/pages\/34","targetHints":{"allow":["GET"]}}],"collection":[{"href":"https:\/\/maibachconsulting.com\/index.php?rest_route=\/wp\/v2\/pages"}],"about":[{"href":"https:\/\/maibachconsulting.com\/index.php?rest_route=\/wp\/v2\/types\/page"}],"author":[{"embeddable":true,"href":"https:\/\/maibachconsulting.com\/index.php?rest_route=\/wp\/v2\/users\/1"}],"replies":[{"embeddable":true,"href":"https:\/\/maibachconsulting.com\/index.php?rest_route=%2Fwp%2Fv2%2Fcomments&post=34"}],"version-history":[{"count":329,"href":"https:\/\/maibachconsulting.com\/index.php?rest_route=\/wp\/v2\/pages\/34\/revisions"}],"predecessor-version":[{"id":424,"href":"https:\/\/maibachconsulting.com\/index.php?rest_route=\/wp\/v2\/pages\/34\/revisions\/424"}],"wp:attachment":[{"href":"https:\/\/maibachconsulting.com\/index.php?rest_route=%2Fwp%2Fv2%2Fmedia&parent=34"}],"curies":[{"name":"wp","href":"https:\/\/api.w.org\/{rel}","templated":true}]}}